{"id":422,"date":"2025-07-28T11:26:00","date_gmt":"2025-07-28T09:26:00","guid":{"rendered":"https:\/\/124-garage.com\/?page_id=422"},"modified":"2025-07-29T11:37:26","modified_gmt":"2025-07-29T09:37:26","slug":"aviso-legal","status":"publish","type":"page","link":"https:\/\/124-garage.com\/ca\/aviso-legal\/","title":{"rendered":"Av\u00eds Legal"},"content":{"rendered":"<p><strong>Titularidad del sitio web<\/strong><\/p>\n\n\n\n<p>En cumplimiento con lo establecido en la Ley 34\/2002 de Servicios de la Sociedad de la Informaci\u00f3n y Comercio Electr\u00f3nico (LSSI-CE), se informa que el presente sitio web es propiedad de:<\/p>\n\n\n\n<ul class=\"wp-block-list\">\n<li><strong>Denominaci\u00f3n social<\/strong>: 124 GARAGE, SOCIEDAD LIMITADA<\/li>\n\n\n\n<li><strong>CIF<\/strong>: B75483966<\/li>\n\n\n\n<li><strong>Domicilio social<\/strong>: Calle Riera Fonollar, s\/n \u2013 08830 Sant Boi de Llobregat (Barcelona)<\/li>\n\n\n\n<li><strong>Correo electr\u00f3nico de contacto<\/strong>: <a>info@124garage.com<\/a><\/li>\n\n\n\n<li><strong>Tel\u00e9fono de contacto<\/strong>: +34 608 66 38 80<\/li>\n<\/ul>\n\n\n\n<p><strong>Objeto<\/strong><\/p>\n\n\n\n<p>El presente sitio web tiene como finalidad ofrecer informaci\u00f3n sobre los servicios de mantenimiento, potenciaci\u00f3n y personalizaci\u00f3n de veh\u00edculos prestados por 124 Garage, as\u00ed como permitir el contacto entre usuarios interesados y la empresa.<\/p>\n\n\n\n<p><strong>Propiedad intelectual e industrial<\/strong><\/p>\n\n\n\n<p>Todos los contenidos del sitio web, incluyendo im\u00e1genes, textos, logos, dise\u00f1os, software y dem\u00e1s elementos, son propiedad de 124 Garage, salvo indicaci\u00f3n expresa. Queda prohibida su reproducci\u00f3n, distribuci\u00f3n o modificaci\u00f3n sin autorizaci\u00f3n expresa del titular.<\/p>\n\n\n\n<p><strong>Responsabilidad<\/strong><\/p>\n\n\n\n<p>124 Garage no se responsabiliza por los posibles errores u omisiones en los contenidos del sitio web ni por el uso indebido que los usuarios puedan hacer del mismo.<\/p>","protected":false},"excerpt":{"rendered":"<p>Titularidad del sitio web En cumplimiento con lo establecido en la Ley 34\/2002 de Servicios de la Sociedad de la [&hellip;]<\/p>\n","protected":false},"author":1,"featured_media":0,"parent":0,"menu_order":0,"comment_status":"closed","ping_status":"closed","template":"","meta":{"_uag_custom_page_level_css":"","site-sidebar-layout":"default","site-content-layout":"","ast-site-content-layout":"default","site-content-style":"default","site-sidebar-style":"default","ast-global-header-display":"","ast-banner-title-visibility":"","ast-main-header-display":"","ast-hfb-above-header-display":"","ast-hfb-below-header-display":"","ast-hfb-mobile-header-display":"","site-post-title":"","ast-breadcrumbs-content":"","ast-featured-img":"","footer-sml-layout":"","ast-disable-related-posts":"","theme-transparent-header-meta":"","adv-header-id-meta":"","stick-header-meta":"","header-above-stick-meta":"","header-main-stick-meta":"","header-below-stick-meta":"","astra-migrate-meta-layouts":"default","ast-page-background-enabled":"default","ast-page-background-meta":{"desktop":{"background-color":"var(--ast-global-color-5)","background-image":"","background-repeat":"repeat","background-position":"center center","background-size":"auto","background-attachment":"scroll","background-type":"","background-media":"","overlay-type":"","overlay-color":"","overlay-opacity":"","overlay-gradient":""},"tablet":{"background-color":"","background-image":"","background-repeat":"repeat","background-position":"center center","background-size":"auto","background-attachment":"scroll","background-type":"","background-media":"","overlay-type":"","overlay-color":"","overlay-opacity":"","overlay-gradient":""},"mobile":{"background-color":"","background-image":"","background-repeat":"repeat","background-position":"center center","background-size":"auto","background-attachment":"scroll","background-type":"","background-media":"","overlay-type":"","overlay-color":"","overlay-opacity":"","overlay-gradient":""}},"ast-content-background-meta":{"desktop":{"background-color":"var(--ast-global-color-4)","background-image":"","background-repeat":"repeat","background-position":"center center","background-size":"auto","background-attachment":"scroll","background-type":"","background-media":"","overlay-type":"","overlay-color":"","overlay-opacity":"","overlay-gradient":""},"tablet":{"background-color":"var(--ast-global-color-4)","background-image":"","background-repeat":"repeat","background-position":"center center","background-size":"auto","background-attachment":"scroll","background-type":"","background-media":"","overlay-type":"","overlay-color":"","overlay-opacity":"","overlay-gradient":""},"mobile":{"background-color":"var(--ast-global-color-4)","background-image":"","background-repeat":"repeat","background-position":"center center","background-size":"auto","background-attachment":"scroll","background-type":"","background-media":"","overlay-type":"","overlay-color":"","overlay-opacity":"","overlay-gradient":""}},"footnotes":""},"class_list":["post-422","page","type-page","status-publish","hentry"],"yoast_head":"<!-- This site is optimized with the Yoast SEO plugin v27.1.1 - https:\/\/yoast.com\/product\/yoast-seo-wordpress\/ -->\n<title>Aviso Legal - 124 Garage<\/title>\n<meta name=\"robots\" content=\"index, follow, max-snippet:-1, max-image-preview:large, max-video-preview:-1\" \/>\n<link rel=\"canonical\" href=\"https:\/\/124-garage.com\/ca\/aviso-legal\/\" \/>\n<meta property=\"og:locale\" content=\"ca_ES\" \/>\n<meta property=\"og:type\" content=\"article\" \/>\n<meta property=\"og:title\" content=\"Aviso Legal - 124 Garage\" \/>\n<meta property=\"og:description\" content=\"Titularidad del sitio web En cumplimiento con lo establecido en la Ley 34\/2002 de Servicios de la Sociedad de la [&hellip;]\" \/>\n<meta property=\"og:url\" content=\"https:\/\/124-garage.com\/ca\/aviso-legal\/\" \/>\n<meta property=\"og:site_name\" content=\"124 Garage\" \/>\n<meta property=\"article:modified_time\" content=\"2025-07-29T09:37:26+00:00\" \/>\n<meta name=\"twitter:card\" content=\"summary_large_image\" \/>\n<meta name=\"twitter:label1\" content=\"Temps estimat de lectura\" \/>\n\t<meta name=\"twitter:data1\" content=\"1 minut\" \/>\n<script type=\"application\/ld+json\" class=\"yoast-schema-graph\">{\"@context\":\"https:\/\/schema.org\",\"@graph\":[{\"@type\":\"WebPage\",\"@id\":\"https:\/\/124-garage.com\/aviso-legal\/\",\"url\":\"https:\/\/124-garage.com\/aviso-legal\/\",\"name\":\"Aviso Legal - 124 Garage\",\"isPartOf\":{\"@id\":\"https:\/\/124-garage.com\/#website\"},\"datePublished\":\"2025-07-28T09:26:00+00:00\",\"dateModified\":\"2025-07-29T09:37:26+00:00\",\"breadcrumb\":{\"@id\":\"https:\/\/124-garage.com\/aviso-legal\/#breadcrumb\"},\"inLanguage\":\"ca\",\"potentialAction\":[{\"@type\":\"ReadAction\",\"target\":[\"https:\/\/124-garage.com\/aviso-legal\/\"]}]},{\"@type\":\"BreadcrumbList\",\"@id\":\"https:\/\/124-garage.com\/aviso-legal\/#breadcrumb\",\"itemListElement\":[{\"@type\":\"ListItem\",\"position\":1,\"name\":\"Portada\",\"item\":\"https:\/\/124-garage.com\/\"},{\"@type\":\"ListItem\",\"position\":2,\"name\":\"Aviso Legal\"}]},{\"@type\":\"WebSite\",\"@id\":\"https:\/\/124-garage.com\/#website\",\"url\":\"https:\/\/124-garage.com\/\",\"name\":\"124 Garage\",\"description\":\"Tu Taller en Barcelona\",\"publisher\":{\"@id\":\"https:\/\/124-garage.com\/#organization\"},\"potentialAction\":[{\"@type\":\"SearchAction\",\"target\":{\"@type\":\"EntryPoint\",\"urlTemplate\":\"https:\/\/124-garage.com\/?s={search_term_string}\"},\"query-input\":{\"@type\":\"PropertyValueSpecification\",\"valueRequired\":true,\"valueName\":\"search_term_string\"}}],\"inLanguage\":\"ca\"},{\"@type\":\"Organization\",\"@id\":\"https:\/\/124-garage.com\/#organization\",\"name\":\"124 Garage\",\"url\":\"https:\/\/124-garage.com\/\",\"logo\":{\"@type\":\"ImageObject\",\"inLanguage\":\"ca\",\"@id\":\"https:\/\/124-garage.com\/#\/schema\/logo\/image\/\",\"url\":\"https:\/\/124-garage.com\/wp-content\/uploads\/2025\/07\/cropped-Add-a-little-bit-of-body-text.png\",\"contentUrl\":\"https:\/\/124-garage.com\/wp-content\/uploads\/2025\/07\/cropped-Add-a-little-bit-of-body-text.png\",\"width\":500,\"height\":489,\"caption\":\"124 Garage\"},\"image\":{\"@id\":\"https:\/\/124-garage.com\/#\/schema\/logo\/image\/\"}}]}<\/script>\n<!-- \/ Yoast SEO plugin. -->","yoast_head_json":{"title":"Aviso Legal - 124 Garage","robots":{"index":"index","follow":"follow","max-snippet":"max-snippet:-1","max-image-preview":"max-image-preview:large","max-video-preview":"max-video-preview:-1"},"canonical":"https:\/\/124-garage.com\/ca\/aviso-legal\/","og_locale":"ca_ES","og_type":"article","og_title":"Aviso Legal - 124 Garage","og_description":"Titularidad del sitio web En cumplimiento con lo establecido en la Ley 34\/2002 de Servicios de la Sociedad de la [&hellip;]","og_url":"https:\/\/124-garage.com\/ca\/aviso-legal\/","og_site_name":"124 Garage","article_modified_time":"2025-07-29T09:37:26+00:00","twitter_card":"summary_large_image","twitter_misc":{"Temps estimat de lectura":"1 minut"},"schema":{"@context":"https:\/\/schema.org","@graph":[{"@type":"WebPage","@id":"https:\/\/124-garage.com\/aviso-legal\/","url":"https:\/\/124-garage.com\/aviso-legal\/","name":"Aviso Legal - 124 Garage","isPartOf":{"@id":"https:\/\/124-garage.com\/#website"},"datePublished":"2025-07-28T09:26:00+00:00","dateModified":"2025-07-29T09:37:26+00:00","breadcrumb":{"@id":"https:\/\/124-garage.com\/aviso-legal\/#breadcrumb"},"inLanguage":"ca","potentialAction":[{"@type":"ReadAction","target":["https:\/\/124-garage.com\/aviso-legal\/"]}]},{"@type":"BreadcrumbList","@id":"https:\/\/124-garage.com\/aviso-legal\/#breadcrumb","itemListElement":[{"@type":"ListItem","position":1,"name":"Portada","item":"https:\/\/124-garage.com\/"},{"@type":"ListItem","position":2,"name":"Aviso Legal"}]},{"@type":"WebSite","@id":"https:\/\/124-garage.com\/#website","url":"https:\/\/124-garage.com\/","name":"124 Garage","description":"Tu Taller en Barcelona","publisher":{"@id":"https:\/\/124-garage.com\/#organization"},"potentialAction":[{"@type":"SearchAction","target":{"@type":"EntryPoint","urlTemplate":"https:\/\/124-garage.com\/?s={search_term_string}"},"query-input":{"@type":"PropertyValueSpecification","valueRequired":true,"valueName":"search_term_string"}}],"inLanguage":"ca"},{"@type":"Organization","@id":"https:\/\/124-garage.com\/#organization","name":"124 Garage","url":"https:\/\/124-garage.com\/","logo":{"@type":"ImageObject","inLanguage":"ca","@id":"https:\/\/124-garage.com\/#\/schema\/logo\/image\/","url":"https:\/\/124-garage.com\/wp-content\/uploads\/2025\/07\/cropped-Add-a-little-bit-of-body-text.png","contentUrl":"https:\/\/124-garage.com\/wp-content\/uploads\/2025\/07\/cropped-Add-a-little-bit-of-body-text.png","width":500,"height":489,"caption":"124 Garage"},"image":{"@id":"https:\/\/124-garage.com\/#\/schema\/logo\/image\/"}}]}},"uagb_featured_image_src":{"full":false,"thumbnail":false,"medium":false,"medium_large":false,"large":false,"1536x1536":false,"2048x2048":false,"trp-custom-language-flag":false},"uagb_author_info":{"display_name":"Aaron Luengo","author_link":"https:\/\/124-garage.com\/ca\/author\/aaron-luengo\/"},"uagb_comment_info":0,"uagb_excerpt":"Titularidad del sitio web En cumplimiento con lo establecido en la Ley 34\/2002 de Servicios de la Sociedad de la [&hellip;]","_links":{"self":[{"href":"https:\/\/124-garage.com\/ca\/wp-json\/wp\/v2\/pages\/422","targetHints":{"allow":["GET"]}}],"collection":[{"href":"https:\/\/124-garage.com\/ca\/wp-json\/wp\/v2\/pages"}],"about":[{"href":"https:\/\/124-garage.com\/ca\/wp-json\/wp\/v2\/types\/page"}],"author":[{"embeddable":true,"href":"https:\/\/124-garage.com\/ca\/wp-json\/wp\/v2\/users\/1"}],"replies":[{"embeddable":true,"href":"https:\/\/124-garage.com\/ca\/wp-json\/wp\/v2\/comments?post=422"}],"version-history":[{"count":2,"href":"https:\/\/124-garage.com\/ca\/wp-json\/wp\/v2\/pages\/422\/revisions"}],"predecessor-version":[{"id":437,"href":"https:\/\/124-garage.com\/ca\/wp-json\/wp\/v2\/pages\/422\/revisions\/437"}],"wp:attachment":[{"href":"https:\/\/124-garage.com\/ca\/wp-json\/wp\/v2\/media?parent=422"}],"curies":[{"name":"wp","href":"https:\/\/api.w.org\/{rel}","templated":true}]}}