{"id":49,"date":"2025-07-09T10:30:18","date_gmt":"2025-07-09T08:30:18","guid":{"rendered":"https:\/\/124-garage.com\/?page_id=49"},"modified":"2025-08-07T13:01:24","modified_gmt":"2025-08-07T11:01:24","slug":"compra-venta-coches-barcelona","status":"publish","type":"page","link":"https:\/\/124-garage.com\/ca\/compra-venta-coches-barcelona\/","title":{"rendered":"Compra i Venda"},"content":{"rendered":"<hr class=\"wp-block-separator has-text-color has-alpha-channel-opacity has-background\" style=\"background-color:#ff730000;color:#ff730000\"\/>\n\n\n\n<hr class=\"wp-block-separator has-text-color has-alpha-channel-opacity has-background\" style=\"background-color:#ff730000;color:#ff730000\"\/>\n\n\n\n<hr class=\"wp-block-separator has-text-color has-alpha-channel-opacity has-background\" style=\"background-color:#ff730000;color:#ff730000\"\/>\n\n\n\n<hr class=\"wp-block-separator has-text-color has-alpha-channel-opacity has-background\" style=\"background-color:#ff730000;color:#ff730000\"\/>\n\n\n\n<hr class=\"wp-block-separator has-text-color has-alpha-channel-opacity has-background uag-hide-mob\" style=\"background-color:#ff730000;color:#ff730000\"\/>\n\n\n\n<hr class=\"wp-block-separator has-text-color has-alpha-channel-opacity has-background uag-hide-mob\" style=\"background-color:#ff730000;color:#ff730000\"\/>\n\n\n\n<div class=\"wp-block-cover alignfull\" style=\"min-height:276px;aspect-ratio:unset;\"><img loading=\"lazy\" decoding=\"async\" width=\"1024\" height=\"576\" class=\"wp-block-cover__image-background wp-image-79 size-large\" alt=\"\" src=\"https:\/\/124-garage.com\/wp-content\/uploads\/2025\/07\/Add-a-heading-1024x576.png\" data-object-fit=\"cover\" srcset=\"https:\/\/124-garage.com\/wp-content\/uploads\/2025\/07\/Add-a-heading-1024x576.png 1024w, https:\/\/124-garage.com\/wp-content\/uploads\/2025\/07\/Add-a-heading-300x169.png 300w, https:\/\/124-garage.com\/wp-content\/uploads\/2025\/07\/Add-a-heading-768x432.png 768w, https:\/\/124-garage.com\/wp-content\/uploads\/2025\/07\/Add-a-heading-1536x864.png 1536w, https:\/\/124-garage.com\/wp-content\/uploads\/2025\/07\/Add-a-heading.png 1920w\" sizes=\"auto, (max-width: 1024px) 100vw, 1024px\" \/><span aria-hidden=\"true\" class=\"wp-block-cover__background has-background-dim\" style=\"background-color:#502707\"><\/span><div class=\"wp-block-cover__inner-container is-layout-constrained wp-block-cover-is-layout-constrained\">\n<hr class=\"wp-block-separator has-text-color has-alpha-channel-opacity has-background\" style=\"background-color:#ff730000;color:#ff730000\"\/>\n\n\n\n<hr class=\"wp-block-separator has-text-color has-alpha-channel-opacity has-background\" style=\"background-color:#ff730000;color:#ff730000\"\/>\n\n\n\n<hr class=\"wp-block-separator has-text-color has-alpha-channel-opacity has-background uag-hide-desktop uag-hide-tab\" style=\"background-color:#ff730000;color:#ff730000\"\/>\n\n\n\n<hr class=\"wp-block-separator has-text-color has-alpha-channel-opacity has-background uag-hide-desktop uag-hide-tab\" style=\"background-color:#ff730000;color:#ff730000\"\/>\n\n\n\n<p class=\"has-text-align-center\" style=\"font-size:30px\">Compra y Venta de Veh\u00edculos<\/p>\n<\/div><\/div>\n\n\n\n<hr class=\"wp-block-separator has-text-color has-alpha-channel-opacity has-background\" style=\"background-color:#08000000;color:#08000000\"\/>\n\n\n\n<h2 class=\"wp-block-heading\">Compra y Venta de Veh\u00edculos en Sant Boi y alrededores<\/h2>\n\n\n\n<p class=\"has-ast-global-color-0-color has-text-color has-link-color has-medium-font-size wp-elements-6600b7b8ce9fa8e5101afd9543b3a6f3\"><strong><em>\u201cT\u00fa solo elige el coche. Del papeleo nos encargamos nosotros.\u201d<\/em><\/strong><\/p>\n\n\n\n<p>En 124 Garage no solo cuidamos tu veh\u00edculo, tambi\u00e9n te ayudamos a encontrar uno a tu gusto o a vender el tuyo. Somos especialistas en <strong>compra y venta de veh\u00edculos usados<\/strong> en Sant Boi, con todas las garant\u00edas mec\u00e1nicas y legales para que no tengas que preocuparte por nada.<\/p>\n\n\n\n<p>Nos encargamos de todo el proceso, <strong>incluido el cambio de titularidad<\/strong> o cambio de nombre, para que puedas comprar o vender tu coche de forma r\u00e1pida, segura y sin complicaciones.<\/p>\n\n\n\n<div class=\"wp-block-buttons is-content-justification-center is-layout-flex wp-container-core-buttons-is-layout-a89b3969 wp-block-buttons-is-layout-flex\">\n<div class=\"wp-block-button\"><a class=\"wp-block-button__link wp-element-button\" href=\"tel:660866380\"><strong>L<\/strong>L\u00c1MANOS<\/a><\/div>\n<\/div>\n\n\n\n<!-- Fuente Orbitron -->\n<link href=\"https:\/\/fonts.googleapis.com\/css2?family=Orbitron&#038;display=swap\" rel=\"stylesheet\">\n\n<div class=\"card-toggle-container\">\n  <!-- Tarjeta COMPRAR -->\n  <div class=\"card-toggle\" onclick=\"toggleCardContent('buy')\"\n    style=\"background-image: url('https:\/\/124-garage.com\/wp-content\/uploads\/2025\/07\/Web-Jony-8-scaled.png');\">\n    <div class=\"card-text\">\u00bfQuieres Comprar un Veh\u00edculo?<\/div>\n    <div class=\"card-button\">Veure M\u00e9s<\/div>\n  <\/div>\n\n  <!-- Tarjeta VENDER -->\n  <div class=\"card-toggle\" onclick=\"toggleCardContent('sell')\"\n    style=\"background-image: url('https:\/\/124-garage.com\/wp-content\/uploads\/2025\/07\/Web-Jony-7-scaled.png');\">\n    <div class=\"card-text\">\u00bfQuieres Vender un Veh\u00edculo?<\/div>\n    <div class=\"card-button\">Veure M\u00e9s<\/div>\n  <\/div>\n<\/div>\n\n<!-- Contenido COMPRAR -->\n<div id=\"card-buy\" class=\"card-content bordered-box\">\n  <p><strong>Todos los veh\u00edculos que vendemos han sido revisados en nuestro taller por t\u00e9cnicos especialistas. Te garantizamos:<\/strong><\/p>\n  <ul>\n    <li><img decoding=\"async\" src=\"https:\/\/124-garage.com\/wp-content\/uploads\/2025\/07\/Add-a-heading-3.png\"> Coche con mantenimiento al d\u00eda<\/li>\n    <li><img decoding=\"async\" src=\"https:\/\/124-garage.com\/wp-content\/uploads\/2025\/07\/Add-a-heading-3.png\"> Revisi\u00f3n de puntos clave (motor, frenos, neum\u00e1ticos\u2026)<\/li>\n    <li><img decoding=\"async\" src=\"https:\/\/124-garage.com\/wp-content\/uploads\/2025\/07\/Add-a-heading-3.png\"> Informe de historial y kilometraje<\/li>\n    <li><img decoding=\"async\" src=\"https:\/\/124-garage.com\/wp-content\/uploads\/2025\/07\/Add-a-heading-3.png\"> Cambio de nombre incluido<\/li>\n  <\/ul>\n  <p class=\"orange-highlight\">Ya sea tu primer coche o una nueva adquisici\u00f3n, en 124 Garage lo tienes todo en un solo sitio.<\/p>\n<\/div>\n\n<!-- Contenido VENDER -->\n<div id=\"card-sell\" class=\"card-content bordered-box\">\n  <p><strong>En 124 Garage tambi\u00e9n compramos veh\u00edculos usados. Olv\u00eddate de publicar anuncios, recibir llamadas o gestionar papeleo.<\/strong><\/p>\n  <ul>\n    <li><img decoding=\"async\" src=\"https:\/\/124-garage.com\/wp-content\/uploads\/2025\/07\/Add-a-heading-3.png\"> Valoraci\u00f3n r\u00e1pida y transparente<\/li>\n    <li><img decoding=\"async\" src=\"https:\/\/124-garage.com\/wp-content\/uploads\/2025\/07\/Add-a-heading-3.png\"> Pago al momento<\/li>\n    <li><img decoding=\"async\" src=\"https:\/\/124-garage.com\/wp-content\/uploads\/2025\/07\/Add-a-heading-3.png\"> Tramitamos el cambio de nombre<\/li>\n    <li><img decoding=\"async\" src=\"https:\/\/124-garage.com\/wp-content\/uploads\/2025\/07\/Add-a-heading-3.png\"> Te ayudamos a preparar el coche para su venta si lo necesitas<\/li>\n  <\/ul>\n  <p class=\"orange-highlight\">Vendemos tu coche con la confianza y profesionalidad que nos caracteriza.<\/p>\n<\/div>\n\n<style>\n  .card-toggle-container {\n    display: flex;\n    justify-content: center;\n    flex-wrap: wrap;\n    gap: 40px;\n    margin-bottom: 30px;\n  }\n\n  .card-toggle {\n    width: 380px;\n    height: 420px;\n    border-radius: 32px;\n    background-size: cover;\n    background-position: center;\n    position: relative;\n    cursor: pointer;\n    transition: transform 0.3s ease;\n    display: flex;\n    flex-direction: column;\n    justify-content: center;\n    align-items: center;\n  }\n\n  .card-toggle:hover {\n    transform: scale(1.03);\n  }\n\n  .card-text {\n    font-family: 'Orbitron', sans-serif;\n    font-size: 24px;\n    color: #fff;\n    text-align: center;\n    padding: 0 20px;\n  }\n\n  .card-button {\n    margin-top: 25px;\n    padding: 10px 24px;\n    border: 2px solid #fff;\n    border-radius: 32px;\n    font-family: 'Orbitron', sans-serif;\n    color: #fff;\n  }\n\n  .card-content {\n    font-family: 'Orbitron', sans-serif;\n    max-width: 900px;\n    margin: 0 auto 50px auto;\n    padding: 25px 35px;\n    color: #fff;\n    background-color: transparent;\n    border-left: 6px solid #FF7300;\n    padding-left: 25px;\n    border-radius: 24px;\n    display: none;\n    opacity: 0;\n    transform: translateY(20px);\n    transition: all 0.4s ease;\n  }\n\n  .card-content.active {\n    display: block;\n    opacity: 1;\n    transform: translateY(0);\n  }\n\n  .card-content ul {\n    list-style: none;\n    padding: 0;\n  }\n\n  .card-content ul li {\n    margin: 12px 0;\n    display: flex;\n    align-items: center;\n    gap: 10px;\n  }\n\n  .card-content ul img {\n    width: 18px;\n    height: auto;\n  }\n\n  .orange-highlight {\n    color: #FF7300;\n    font-weight: bold;\n    margin-top: 25px;\n  }\n<\/style>\n\n<script>\n  let currentOpen = null;\n\n  function toggleCardContent(id) {\n    const buy = document.getElementById(\"card-buy\");\n    const sell = document.getElementById(\"card-sell\");\n\n    const show = (el) => {\n      el.classList.add(\"active\");\n    };\n\n    const hide = (el) => {\n      el.classList.remove(\"active\");\n      setTimeout(() => { el.style.display = \"none\"; }, 400);\n    };\n\n    if (id === currentOpen) {\n      \/\/ Cerrar el mismo\n      const target = id === \"buy\" ? buy : sell;\n      hide(target);\n      currentOpen = null;\n    } else {\n      \/\/ Ocultar anterior\n      if (currentOpen === \"buy\") hide(buy);\n      if (currentOpen === \"sell\") hide(sell);\n\n      \/\/ Mostrar nuevo\n      const target = id === \"buy\" ? buy : sell;\n      target.style.display = \"block\";\n      setTimeout(() => show(target), 10);\n      currentOpen = id;\n    }\n  }\n<\/script>\n\n\n\n<hr class=\"wp-block-separator has-text-color has-alpha-channel-opacity has-background\" style=\"background-color:#ffffff00;color:#ffffff00\"\/>\n\n\n\n<hr class=\"wp-block-separator has-text-color has-alpha-channel-opacity has-background\" style=\"background-color:#ffffff00;color:#ffffff00\"\/>\n\n\n\n<h2 class=\"wp-block-heading has-text-align-center\">\u00bfTe interesa Comprar o Vender un Veh\u00edculo?<\/h2>\n\n\n\n<div class=\"wp-block-buttons is-content-justification-center is-layout-flex wp-container-core-buttons-is-layout-a89b3969 wp-block-buttons-is-layout-flex\">\n<div class=\"wp-block-button\"><a class=\"wp-block-button__link has-text-align-center wp-element-button\" href=\"https:\/\/124-garage.com\/ca\/contacto\/\"><strong>CONTACTANOS<\/strong><\/a><\/div>\n<\/div>\n\n\n\n<hr class=\"wp-block-separator has-text-color has-alpha-channel-opacity has-background\" style=\"background-color:#ffffff00;color:#ffffff00\"\/>\n\n\n\n<hr class=\"wp-block-separator has-text-color has-alpha-channel-opacity has-background\" style=\"background-color:#ffffff00;color:#ffffff00\"\/>\n\n\n\n<details class=\"wp-block-details is-layout-flow wp-block-details-is-layout-flow\"><summary><\/summary>\n<section class=\"seo-text-compra-venta\">\n  <h2>Compra y Venta de Coches en Barcelona con Garant\u00eda Taller<\/h2>\n  <p>En <strong>124 GARATGE<\/strong> te ayudamos tanto si quieres <strong>comprar un coche<\/strong> como si necesitas <strong>vender el tuyo<\/strong>. Somos un taller mec\u00e1nico con sede en Barcelona y garantizamos que cada veh\u00edculo sea revisado y validado por nuestros expertos antes de cambiar de manos.<\/p>\n\n  <p>\u00bfQuieres <strong>comprar un coche usado?<\/strong> Te ofrecemos veh\u00edculos con historial completo, sin vicios ocultos y listos para circular. \u00bfPrefieres <strong>vender tu coche<\/strong>? Te lo valoramos, revisamos y gestionamos toda la documentaci\u00f3n. T\u00fa solo decides, del resto nos encargamos nosotros.<\/p>\n\n  <p>Evita riesgos y complicaciones. En 124 GARAGE convertimos la compraventa de coches en una experiencia segura, r\u00e1pida y transparente.<\/p>\n<\/section>\n<\/details>\n\n\n\n<div class=\"wp-block-cover\"><img loading=\"lazy\" decoding=\"async\" width=\"1024\" height=\"341\" class=\"wp-block-cover__image-background wp-image-357 size-large\" alt=\"\" src=\"https:\/\/124-garage.com\/wp-content\/uploads\/2025\/07\/Banner-Footer-Web-Jony-1024x341.png\" data-object-fit=\"cover\" srcset=\"https:\/\/124-garage.com\/wp-content\/uploads\/2025\/07\/Banner-Footer-Web-Jony-1024x341.png 1024w, https:\/\/124-garage.com\/wp-content\/uploads\/2025\/07\/Banner-Footer-Web-Jony-300x100.png 300w, https:\/\/124-garage.com\/wp-content\/uploads\/2025\/07\/Banner-Footer-Web-Jony-768x256.png 768w, https:\/\/124-garage.com\/wp-content\/uploads\/2025\/07\/Banner-Footer-Web-Jony-1536x512.png 1536w, https:\/\/124-garage.com\/wp-content\/uploads\/2025\/07\/Banner-Footer-Web-Jony.png 1800w\" sizes=\"auto, (max-width: 1024px) 100vw, 1024px\" \/><span aria-hidden=\"true\" class=\"wp-block-cover__background has-background-dim-0 has-background-dim\" style=\"background-color:#2e1e18\"><\/span><div class=\"wp-block-cover__inner-container is-layout-constrained wp-block-cover-is-layout-constrained\">\n<p><\/p>\n<\/div><\/div>","protected":false},"excerpt":{"rendered":"<p>Compra y Venta de Veh\u00edculos en Sant Boi y alrededores \u201cT\u00fa solo elige el coche. Del papeleo nos encargamos nosotros.\u201d [&hellip;]<\/p>\n","protected":false},"author":1,"featured_media":0,"parent":0,"menu_order":0,"comment_status":"closed","ping_status":"closed","template":"","meta":{"_uag_custom_page_level_css":"","site-sidebar-layout":"default","site-content-layout":"","ast-site-content-layout":"default","site-content-style":"default","site-sidebar-style":"default","ast-global-header-display":"","ast-banner-title-visibility":"","ast-main-header-display":"","ast-hfb-above-header-display":"","ast-hfb-below-header-display":"","ast-hfb-mobile-header-display":"","site-post-title":"disabled","ast-breadcrumbs-content":"","ast-featured-img":"","footer-sml-layout":"","ast-disable-related-posts":"","theme-transparent-header-meta":"","adv-header-id-meta":"","stick-header-meta":"","header-above-stick-meta":"","header-main-stick-meta":"","header-below-stick-meta":"","astra-migrate-meta-layouts":"default","ast-page-background-enabled":"default","ast-page-background-meta":{"desktop":{"background-color":"var(--ast-global-color-5)","background-image":"","background-repeat":"repeat","background-position":"center center","background-size":"auto","background-attachment":"scroll","background-type":"","background-media":"","overlay-type":"","overlay-color":"","overlay-opacity":"","overlay-gradient":""},"tablet":{"background-color":"","background-image":"","background-repeat":"repeat","background-position":"center center","background-size":"auto","background-attachment":"scroll","background-type":"","background-media":"","overlay-type":"","overlay-color":"","overlay-opacity":"","overlay-gradient":""},"mobile":{"background-color":"","background-image":"","background-repeat":"repeat","background-position":"center center","background-size":"auto","background-attachment":"scroll","background-type":"","background-media":"","overlay-type":"","overlay-color":"","overlay-opacity":"","overlay-gradient":""}},"ast-content-background-meta":{"desktop":{"background-color":"var(--ast-global-color-4)","background-image":"","background-repeat":"repeat","background-position":"center center","background-size":"auto","background-attachment":"scroll","background-type":"","background-media":"","overlay-type":"","overlay-color":"","overlay-opacity":"","overlay-gradient":""},"tablet":{"background-color":"var(--ast-global-color-4)","background-image":"","background-repeat":"repeat","background-position":"center center","background-size":"auto","background-attachment":"scroll","background-type":"","background-media":"","overlay-type":"","overlay-color":"","overlay-opacity":"","overlay-gradient":""},"mobile":{"background-color":"var(--ast-global-color-4)","background-image":"","background-repeat":"repeat","background-position":"center center","background-size":"auto","background-attachment":"scroll","background-type":"","background-media":"","overlay-type":"","overlay-color":"","overlay-opacity":"","overlay-gradient":""}},"footnotes":""},"class_list":["post-49","page","type-page","status-publish","hentry"],"yoast_head":"<!-- This site is optimized with the Yoast SEO plugin v27.1.1 - https:\/\/yoast.com\/product\/yoast-seo-wordpress\/ -->\n<title>Compra y venta de coches en Barcelona | 124 GARAGE<\/title>\n<meta name=\"description\" content=\"Compra o vende tu coche con seguridad y sin complicaciones. Veh\u00edculos revisados, valoraci\u00f3n justa y gesti\u00f3n completa en Barcelona.\" \/>\n<meta name=\"robots\" content=\"index, follow, max-snippet:-1, max-image-preview:large, max-video-preview:-1\" \/>\n<link rel=\"canonical\" href=\"https:\/\/124-garage.com\/ca\/compra-venta-coches-barcelona\/\" \/>\n<meta property=\"og:locale\" content=\"ca_ES\" \/>\n<meta property=\"og:type\" content=\"article\" \/>\n<meta property=\"og:title\" content=\"Compra y venta de coches en Barcelona | 124 GARAGE\" \/>\n<meta property=\"og:description\" content=\"Compra o vende tu coche con seguridad y sin complicaciones. Veh\u00edculos revisados, valoraci\u00f3n justa y gesti\u00f3n completa en Barcelona.\" \/>\n<meta property=\"og:url\" content=\"https:\/\/124-garage.com\/ca\/compra-venta-coches-barcelona\/\" \/>\n<meta property=\"og:site_name\" content=\"124 Garage\" \/>\n<meta property=\"article:modified_time\" content=\"2025-08-07T11:01:24+00:00\" \/>\n<meta property=\"og:image\" content=\"https:\/\/124-garage.com\/wp-content\/uploads\/2025\/07\/Add-a-heading.png\" \/>\n\t<meta property=\"og:image:width\" content=\"1920\" \/>\n\t<meta property=\"og:image:height\" content=\"1080\" \/>\n\t<meta property=\"og:image:type\" content=\"image\/png\" \/>\n<meta name=\"twitter:card\" content=\"summary_large_image\" \/>\n<meta name=\"twitter:label1\" content=\"Temps estimat de lectura\" \/>\n\t<meta name=\"twitter:data1\" content=\"4 minuts\" \/>\n<script type=\"application\/ld+json\" class=\"yoast-schema-graph\">{\"@context\":\"https:\/\/schema.org\",\"@graph\":[{\"@type\":\"WebPage\",\"@id\":\"https:\/\/124-garage.com\/compra-venta-coches-barcelona\/\",\"url\":\"https:\/\/124-garage.com\/compra-venta-coches-barcelona\/\",\"name\":\"Compra y venta de coches en Barcelona | 124 GARAGE\",\"isPartOf\":{\"@id\":\"https:\/\/124-garage.com\/#website\"},\"primaryImageOfPage\":{\"@id\":\"https:\/\/124-garage.com\/compra-venta-coches-barcelona\/#primaryimage\"},\"image\":{\"@id\":\"https:\/\/124-garage.com\/compra-venta-coches-barcelona\/#primaryimage\"},\"thumbnailUrl\":\"https:\/\/124-garage.com\/wp-content\/uploads\/2025\/07\/Add-a-heading-1024x576.png\",\"datePublished\":\"2025-07-09T08:30:18+00:00\",\"dateModified\":\"2025-08-07T11:01:24+00:00\",\"description\":\"Compra o vende tu coche con seguridad y sin complicaciones. Veh\u00edculos revisados, valoraci\u00f3n justa y gesti\u00f3n completa en Barcelona.\",\"breadcrumb\":{\"@id\":\"https:\/\/124-garage.com\/compra-venta-coches-barcelona\/#breadcrumb\"},\"inLanguage\":\"ca\",\"potentialAction\":[{\"@type\":\"ReadAction\",\"target\":[\"https:\/\/124-garage.com\/compra-venta-coches-barcelona\/\"]}]},{\"@type\":\"ImageObject\",\"inLanguage\":\"ca\",\"@id\":\"https:\/\/124-garage.com\/compra-venta-coches-barcelona\/#primaryimage\",\"url\":\"https:\/\/124-garage.com\/wp-content\/uploads\/2025\/07\/Add-a-heading-1024x576.png\",\"contentUrl\":\"https:\/\/124-garage.com\/wp-content\/uploads\/2025\/07\/Add-a-heading-1024x576.png\"},{\"@type\":\"BreadcrumbList\",\"@id\":\"https:\/\/124-garage.com\/compra-venta-coches-barcelona\/#breadcrumb\",\"itemListElement\":[{\"@type\":\"ListItem\",\"position\":1,\"name\":\"Portada\",\"item\":\"https:\/\/124-garage.com\/\"},{\"@type\":\"ListItem\",\"position\":2,\"name\":\"Compra y Venta\"}]},{\"@type\":\"WebSite\",\"@id\":\"https:\/\/124-garage.com\/#website\",\"url\":\"https:\/\/124-garage.com\/\",\"name\":\"124 Garage\",\"description\":\"Tu Taller en Barcelona\",\"publisher\":{\"@id\":\"https:\/\/124-garage.com\/#organization\"},\"potentialAction\":[{\"@type\":\"SearchAction\",\"target\":{\"@type\":\"EntryPoint\",\"urlTemplate\":\"https:\/\/124-garage.com\/?s={search_term_string}\"},\"query-input\":{\"@type\":\"PropertyValueSpecification\",\"valueRequired\":true,\"valueName\":\"search_term_string\"}}],\"inLanguage\":\"ca\"},{\"@type\":\"Organization\",\"@id\":\"https:\/\/124-garage.com\/#organization\",\"name\":\"124 Garage\",\"url\":\"https:\/\/124-garage.com\/\",\"logo\":{\"@type\":\"ImageObject\",\"inLanguage\":\"ca\",\"@id\":\"https:\/\/124-garage.com\/#\/schema\/logo\/image\/\",\"url\":\"https:\/\/124-garage.com\/wp-content\/uploads\/2025\/07\/cropped-Add-a-little-bit-of-body-text.png\",\"contentUrl\":\"https:\/\/124-garage.com\/wp-content\/uploads\/2025\/07\/cropped-Add-a-little-bit-of-body-text.png\",\"width\":500,\"height\":489,\"caption\":\"124 Garage\"},\"image\":{\"@id\":\"https:\/\/124-garage.com\/#\/schema\/logo\/image\/\"}}]}<\/script>\n<!-- \/ Yoast SEO plugin. -->","yoast_head_json":{"title":"Compra y venta de coches en Barcelona | 124 GARAGE","description":"Compra o vende tu coche con seguridad y sin complicaciones. Veh\u00edculos revisados, valoraci\u00f3n justa y gesti\u00f3n completa en Barcelona.","robots":{"index":"index","follow":"follow","max-snippet":"max-snippet:-1","max-image-preview":"max-image-preview:large","max-video-preview":"max-video-preview:-1"},"canonical":"https:\/\/124-garage.com\/ca\/compra-venta-coches-barcelona\/","og_locale":"ca_ES","og_type":"article","og_title":"Compra y venta de coches en Barcelona | 124 GARAGE","og_description":"Compra o vende tu coche con seguridad y sin complicaciones. Veh\u00edculos revisados, valoraci\u00f3n justa y gesti\u00f3n completa en Barcelona.","og_url":"https:\/\/124-garage.com\/ca\/compra-venta-coches-barcelona\/","og_site_name":"124 Garage","article_modified_time":"2025-08-07T11:01:24+00:00","og_image":[{"width":1920,"height":1080,"url":"https:\/\/124-garage.com\/wp-content\/uploads\/2025\/07\/Add-a-heading.png","type":"image\/png"}],"twitter_card":"summary_large_image","twitter_misc":{"Temps estimat de lectura":"4 minuts"},"schema":{"@context":"https:\/\/schema.org","@graph":[{"@type":"WebPage","@id":"https:\/\/124-garage.com\/compra-venta-coches-barcelona\/","url":"https:\/\/124-garage.com\/compra-venta-coches-barcelona\/","name":"Compra y venta de coches en Barcelona | 124 GARAGE","isPartOf":{"@id":"https:\/\/124-garage.com\/#website"},"primaryImageOfPage":{"@id":"https:\/\/124-garage.com\/compra-venta-coches-barcelona\/#primaryimage"},"image":{"@id":"https:\/\/124-garage.com\/compra-venta-coches-barcelona\/#primaryimage"},"thumbnailUrl":"https:\/\/124-garage.com\/wp-content\/uploads\/2025\/07\/Add-a-heading-1024x576.png","datePublished":"2025-07-09T08:30:18+00:00","dateModified":"2025-08-07T11:01:24+00:00","description":"Compra o vende tu coche con seguridad y sin complicaciones. Veh\u00edculos revisados, valoraci\u00f3n justa y gesti\u00f3n completa en Barcelona.","breadcrumb":{"@id":"https:\/\/124-garage.com\/compra-venta-coches-barcelona\/#breadcrumb"},"inLanguage":"ca","potentialAction":[{"@type":"ReadAction","target":["https:\/\/124-garage.com\/compra-venta-coches-barcelona\/"]}]},{"@type":"ImageObject","inLanguage":"ca","@id":"https:\/\/124-garage.com\/compra-venta-coches-barcelona\/#primaryimage","url":"https:\/\/124-garage.com\/wp-content\/uploads\/2025\/07\/Add-a-heading-1024x576.png","contentUrl":"https:\/\/124-garage.com\/wp-content\/uploads\/2025\/07\/Add-a-heading-1024x576.png"},{"@type":"BreadcrumbList","@id":"https:\/\/124-garage.com\/compra-venta-coches-barcelona\/#breadcrumb","itemListElement":[{"@type":"ListItem","position":1,"name":"Portada","item":"https:\/\/124-garage.com\/"},{"@type":"ListItem","position":2,"name":"Compra y Venta"}]},{"@type":"WebSite","@id":"https:\/\/124-garage.com\/#website","url":"https:\/\/124-garage.com\/","name":"124 Garage","description":"Tu Taller en Barcelona","publisher":{"@id":"https:\/\/124-garage.com\/#organization"},"potentialAction":[{"@type":"SearchAction","target":{"@type":"EntryPoint","urlTemplate":"https:\/\/124-garage.com\/?s={search_term_string}"},"query-input":{"@type":"PropertyValueSpecification","valueRequired":true,"valueName":"search_term_string"}}],"inLanguage":"ca"},{"@type":"Organization","@id":"https:\/\/124-garage.com\/#organization","name":"124 Garage","url":"https:\/\/124-garage.com\/","logo":{"@type":"ImageObject","inLanguage":"ca","@id":"https:\/\/124-garage.com\/#\/schema\/logo\/image\/","url":"https:\/\/124-garage.com\/wp-content\/uploads\/2025\/07\/cropped-Add-a-little-bit-of-body-text.png","contentUrl":"https:\/\/124-garage.com\/wp-content\/uploads\/2025\/07\/cropped-Add-a-little-bit-of-body-text.png","width":500,"height":489,"caption":"124 Garage"},"image":{"@id":"https:\/\/124-garage.com\/#\/schema\/logo\/image\/"}}]}},"uagb_featured_image_src":{"full":false,"thumbnail":false,"medium":false,"medium_large":false,"large":false,"1536x1536":false,"2048x2048":false,"trp-custom-language-flag":false},"uagb_author_info":{"display_name":"Aaron Luengo","author_link":"https:\/\/124-garage.com\/ca\/author\/aaron-luengo\/"},"uagb_comment_info":0,"uagb_excerpt":"Compra y Venta de Veh\u00edculos en Sant Boi y alrededores \u201cT\u00fa solo elige el coche. Del papeleo nos encargamos nosotros.\u201d [&hellip;]","_links":{"self":[{"href":"https:\/\/124-garage.com\/ca\/wp-json\/wp\/v2\/pages\/49","targetHints":{"allow":["GET"]}}],"collection":[{"href":"https:\/\/124-garage.com\/ca\/wp-json\/wp\/v2\/pages"}],"about":[{"href":"https:\/\/124-garage.com\/ca\/wp-json\/wp\/v2\/types\/page"}],"author":[{"embeddable":true,"href":"https:\/\/124-garage.com\/ca\/wp-json\/wp\/v2\/users\/1"}],"replies":[{"embeddable":true,"href":"https:\/\/124-garage.com\/ca\/wp-json\/wp\/v2\/comments?post=49"}],"version-history":[{"count":21,"href":"https:\/\/124-garage.com\/ca\/wp-json\/wp\/v2\/pages\/49\/revisions"}],"predecessor-version":[{"id":609,"href":"https:\/\/124-garage.com\/ca\/wp-json\/wp\/v2\/pages\/49\/revisions\/609"}],"wp:attachment":[{"href":"https:\/\/124-garage.com\/ca\/wp-json\/wp\/v2\/media?parent=49"}],"curies":[{"name":"wp","href":"https:\/\/api.w.org\/{rel}","templated":true}]}}